{"id":12,"date":"2017-03-10T16:34:20","date_gmt":"2017-03-10T16:34:20","guid":{"rendered":"http:\/\/xn--bibel-mller-xfb.de\/?page_id=12"},"modified":"2017-03-10T16:34:20","modified_gmt":"2017-03-10T16:34:20","slug":"darstellung-und-geschichte-unserer-christlichen-buchhandlung","status":"publish","type":"page","link":"https:\/\/xn--bibel-mller-xfb.de\/?page_id=12","title":{"rendered":"Darstellung und Geschichte unserer christlichen Buchhandlung"},"content":{"rendered":"<h3>Mein Zeugnis f\u00fcr die F\u00fchrungen Gottes in meinem Leben, von Gerhard M\u00f6ller<\/h3>\n<p>&nbsp;<\/p>\n<h3>Der lebendige Glaube an Jesus Christus als Grundlage<\/h3>\n<p>Im Juni des Jahres 1965 kam ich auf einer Bibelschule in W\u00fcrttemberg durch die Ratschl\u00e4ge eines Mitsch\u00fclers zum lebendigen Glauben an Jesus Christus. Die Ratschl\u00e4ge lauteten:<\/p>\n<p>\u201eWirf deine B\u00fccher mal in die Ecke und lies die Bibel f\u00fcr Dich ganz pers\u00f6nlich! Und dann danke daf\u00fcr, dass Jesus Christus auch f\u00fcr dich am Kreuz gestorben ist.\u201c Durch das Lesen der Bibel stie\u00df ich auf das Bibelwort im 1.\u00a0<strong>Johannesbrief 5,13:<\/strong><\/p>\n<p><em>Dass habe ich euch geschrieben, dass ihr\u00a0wisst,<\/em><\/p>\n<p><em>dass ihr das ewige Leben habt,<\/em><\/p>\n<p><em>die ihr glaubt an den Namen des Sohnes Gottes.<\/em><\/p>\n<p>Durch dieses Bibelwort schenkte mir der Herr Jesus durch den Heiligen Geist gleich eine dreifache Gewissheit:<\/p>\n<p>Durch den Glauben an sein Erl\u00f6sungswerk auf Golgatha sind mir meine S\u00fcnden vergeben. Jetzt habe ich somit ewiges Leben durch den Herrn Jesus empfangen (lesen Sie bitte 1. Johannesbrief 5,1-13). Au\u00dferdem bin ich jetzt durch die Aufnahme des Sohnes Gottes in mein Herz ein Kind Gottes geworden &#8211;\u00a0<strong>Johannesevangelium 1,12:<\/strong><\/p>\n<p><em>Wie viele\u00a0ihn\u00a0aber aufnahmen, denen gab er Macht,<\/em><\/p>\n<p><em>Gottes Kinder zu werden, denen, die an seinen Namen\u00a0glauben.<\/em><\/p>\n<h3>Zeugnis \u00fcber die weitere F\u00fchrung Gottes in meinem Leben<\/h3>\n<p>Zehn Jahre sp\u00e4ter, nachdem ich zuvor eine Schuld in meinem Leben &#8211; vor Gott und Menschen &#8211; in Ordnung gebracht hatte, wurde mir durch die unterstehenden Bibelverse aus dem\u00a0<strong>1. Johannesbrief 5,14-15<\/strong>\u00a0klar, dass ich eine ganze zeitlang falsch gebetet hatte im Bezug auf eine passende Arbeit f\u00fcr mich:<\/p>\n<p><em>Und das ist die Zuversicht, die wir haben zu Gott:<\/em><\/p>\n<p><em>Wenn wir um etwas bitten nach seinem Willem, so h\u00f6rt er uns.<\/em><\/p>\n<p><em>Und wenn wir wissen, dass er uns h\u00f6rt, worum wir auch bitten,<\/em><\/p>\n<p><em>so wissen wir, dass wir erhalten, was wir von ihm erbeten haben.<\/em><\/p>\n<p>Ich hatte immer wieder um Arbeit gebetet. Dabei ist die Bitte um Arbeit eindeutig eine Bitte nach dem Willen Gottes. Auf Grund der beiden Bibelverse wurde mir die Gewissheit zuteil, dass ich diese Bitte nur einmal h\u00e4tte aussprechen m\u00fcssen. Da habe ich mich erst einmal aufrichtig vor Gott gebeugt, dass ich ihm ja nicht geglaubt habe. Danach dankte ich dann von Herzen meinem Gott, dass er meine Bitte um Arbeit erh\u00f6rt hat. Dies habe ich jetzt auch 100% geglaubt, weil es so geschrieben steht. Allerdings wusste ich noch nicht, welche Arbeit es sein w\u00fcrde.<\/p>\n<p>&nbsp;<\/p>\n<h3>Wie kam ich dazu, diese Buchhandlung zu f\u00fchren?<\/h3>\n<p>Kurze Zeit sp\u00e4ter kam ein Bruder zu uns in die Gemeinde. Dieser hatte wiederum auch in seinem Leben etwas in Ordnung zu bringen. Nachdem er dieses getan hatte, legte Gott ihm aufs Herz, in Itzehoe eine christliche Buchhandlung zu gr\u00fcnden. Daf\u00fcr suchte er jemand, der die Leitung dieser Buchhandlung als seine Aufgabe und als Dienst f\u00fcr Gott und Menschen sehen w\u00fcrde. Zum damaligen Zeitpunkt betrieb ich bereits einen B\u00fcchertisch in unseren Gemeinde. Ich wurde angefragt, ob ich auch die Aufgabe mit der Buchhandlung \u00fcbernehmen w\u00fcrde.<\/p>\n<p>Zuerst erkannte ich nicht gleich, dass diese Anfrage eine Erh\u00f6rung meiner Bitte um eine passende Arbeit war. Erst nachdem ich einige Zeit sp\u00e4ter dazu bereit war, sagte ich zu. Kurze Zeit sp\u00e4ter wurde dann der Laden in einem kleinen Pavillon am Holstein-Center am 7. Juni 1975 er\u00f6ffnet.<\/p>\n<p>&nbsp;<\/p>\n<h3>Gott erh\u00f6rt Gebet<\/h3>\n<p>Als ich dort mit der Arbeit anfing, wurde mir bewusst, dass dies Gottes F\u00fchrung und eine klare Antwort auf mein Gebet um Arbeit war.<\/p>\n<p>19 Jahre durfte ich die Buchhandlung im Pavillon f\u00fchren. Danach erhielt ich wiederum durch g\u00f6ttliche F\u00fchrung anhand von\u00a0<strong>Jesaja 28,29b<\/strong>\u00a0neue, gr\u00f6\u00dfere R\u00e4umlichkeiten f\u00fcr die Buchhandlung in Itzehoe in der Lindenstra\u00dfe 5 am Dithmarscher Platz. Dieses Bibelwort zog ich als Jahreslos am Anfang des Jahres 1994:<\/p>\n<p><em>Des Herrn Rat ist wunderbar, und er f\u00fchrt uns herrlich hinaus.<\/em><\/p>\n<p>&nbsp;<\/p>\n<h3>Umzug in neue R\u00e4umlichkeiten<\/h3>\n<p>Seit dem 9. Dezember 1994 sind wir jetzt mit unserer christlichen Buchhandlung in diesen gr\u00f6\u00dferen R\u00e4umlichkeiten mit mehreren Zimmern.<\/p>\n<p>Seitdem bin ich nun \u00fcber 34 Jahre in diesem Dienst t\u00e4tig und nahm unseren Sohn Christoph seit einigen Jahren mit in die Arbeit in der Buchhandlung hinein. Somit habe ich nun mit Gottes Hilfe geplant und beschlossen, ihm die F\u00fchrung der Christlichen Buchhandlung zum Anfang des Jahres 2010 zu \u00fcbergeben.<\/p>\n<p>Mit Rat und Tat will ich ihm jedoch weiterhin zur Verf\u00fcgung stehen und mithelfen, unseren Auftrag im Bibel-B\u00fccher-Dienst-Laden zu erf\u00fcllen zur Ehre unseres gro\u00dfen allm\u00e4chtigen Gottes und seines Sohnes Jesus Christus, der mit dem himmlischen Vater total eins ist. Alle Erretteten und von neuem geborene Menschen sind genauso eins mit dem himmlischen Vater und seinem Sohn durch den Heiligen Geist.<\/p>\n","protected":false},"excerpt":{"rendered":"<p>Mein Zeugnis f\u00fcr die F\u00fchrungen Gottes in meinem Leben, von Gerhard M\u00f6ller &nbsp; Der lebendige Glaube an Jesus Christus als Grundlage Im Juni des Jahres 1965 kam ich auf einer Bibelschule in W\u00fcrttemberg durch die Ratschl\u00e4ge eines Mitsch\u00fclers zum lebendigen Glauben an Jesus Christus. Die Ratschl\u00e4ge lauteten: \u201eWirf deine B\u00fccher mal in die Ecke und lies die Bibel f\u00fcr Dich ganz pers\u00f6nlich! Und dann danke daf\u00fcr, dass Jesus Christus auch f\u00fcr dich am Kreuz gestorben ist.\u201c Durch das Lesen der Bibel stie\u00df ich auf das Bibelwort im 1.\u00a0Johannesbrief 5,13: Dass habe ich euch geschrieben, dass ihr\u00a0wisst, dass ihr das ewige Leben habt, die ihr glaubt an den Namen des Sohnes Gottes. Durch dieses Bibelwort schenkte mir der Herr Jesus durch den Heiligen Geist gleich eine dreifache Gewissheit: Durch den Glauben an sein Erl\u00f6sungswerk auf Golgatha sind mir meine S\u00fcnden vergeben. Jetzt habe ich somit ewiges Leben durch den Herrn Jesus empfangen (lesen Sie bitte 1. Johannesbrief 5,1-13). Au\u00dferdem bin ich jetzt durch die Aufnahme des Sohnes Gottes in mein Herz ein Kind Gottes geworden &#8211;\u00a0Johannesevangelium 1,12: Wie viele\u00a0ihn\u00a0aber aufnahmen, denen gab er Macht, Gottes Kinder zu werden, denen, die an seinen Namen\u00a0glauben. Zeugnis \u00fcber die weitere F\u00fchrung Gottes in meinem [&#8230;]<\/p>\n","protected":false},"author":1,"featured_media":0,"parent":0,"menu_order":0,"comment_status":"closed","ping_status":"closed","template":"","meta":{"footnotes":""},"_links":{"self":[{"href":"https:\/\/xn--bibel-mller-xfb.de\/index.php?rest_route=\/wp\/v2\/pages\/12"}],"collection":[{"href":"https:\/\/xn--bibel-mller-xfb.de\/index.php?rest_route=\/wp\/v2\/pages"}],"about":[{"href":"https:\/\/xn--bibel-mller-xfb.de\/index.php?rest_route=\/wp\/v2\/types\/page"}],"author":[{"embeddable":true,"href":"https:\/\/xn--bibel-mller-xfb.de\/index.php?rest_route=\/wp\/v2\/users\/1"}],"replies":[{"embeddable":true,"href":"https:\/\/xn--bibel-mller-xfb.de\/index.php?rest_route=%2Fwp%2Fv2%2Fcomments&post=12"}],"version-history":[{"count":1,"href":"https:\/\/xn--bibel-mller-xfb.de\/index.php?rest_route=\/wp\/v2\/pages\/12\/revisions"}],"predecessor-version":[{"id":13,"href":"https:\/\/xn--bibel-mller-xfb.de\/index.php?rest_route=\/wp\/v2\/pages\/12\/revisions\/13"}],"wp:attachment":[{"href":"https:\/\/xn--bibel-mller-xfb.de\/index.php?rest_route=%2Fwp%2Fv2%2Fmedia&parent=12"}],"curies":[{"name":"wp","href":"https:\/\/api.w.org\/{rel}","templated":true}]}}